{"id":9428,"date":"2022-06-01T15:32:28","date_gmt":"2022-06-01T13:32:28","guid":{"rendered":"https:\/\/www.fabbromonza.eu\/cms\/?page_id=9428"},"modified":"2022-06-01T16:43:31","modified_gmt":"2022-06-01T14:43:31","slug":"fabbro-24h-monza","status":"publish","type":"page","link":"https:\/\/www.fabbromonza.eu\/cms\/fabbro-24h-monza\/","title":{"rendered":"Fabbro 24h Monza"},"content":{"rendered":"\n<p><strong>Fabbro 24h Monza<\/strong> offre una gamma di servizi qualitativamente alta, garantendo il <strong>miglior rapporto qualit\u00e0-prezzo<\/strong>.<\/p>\n<p>Forniamo <strong>prestazioni differenziate <\/strong>per intercettare e soddisfare al meglio le esigenze pi\u00f9 disparate della nostra clientela. <br \/>Che si tratti di <strong>attivit\u00e0 <\/strong>su <strong>appuntamento<\/strong> o a <strong>domicilio<\/strong> per <strong>emergenze<\/strong>, operiamo sempre con la <strong>massima<\/strong> <strong>professionalit\u00e0<\/strong> che ci contraddistingue.<\/p>\n<p><strong><u>Contatta Fabbro 24h Monza<\/u><\/strong><\/p>\n<p>Svolgiamo con <strong>passione<\/strong> questo mestiere e ci proponiamo come il tuo <strong>interlocutore<\/strong> di<strong> fiducia <\/strong>per <strong>gestire<\/strong> le piccole o grandi <strong>problematiche<\/strong> che si presentano nella vita quotidiana. Siamo al tuo fianco per:<\/p>\n<ul>\n<li><strong><u>montaggio<\/u><\/strong><u>,<strong> riparazione <\/strong>e<strong> sostituzione <\/strong>serrature<\/u>, <u>saracinesche<\/u>, <u>avvolgibili <\/u>manuali e motorizzati<\/li>\n<li><a href=\"https:\/\/www.fabbromonza.eu\/cms\/apertura-porte\/\"><strong><u>apertura porte <\/u><\/strong><\/a><\/li>\n<li><a href=\"https:\/\/www.fabbromonza.eu\/cms\/pronto-intervento-fabbro\/\"><strong><u>pronto intervento 24h 7 giorni su 7 <\/u><\/strong><\/a><\/li>\n<li><a href=\"https:\/\/www.fabbromonza.eu\/cms\/serrature-e-sicurezza\/\"><strong><u>serrature e sicurezza <\/u><\/strong><\/a><\/li>\n<\/ul>\n<h2><strong>Cosa ripara Fabbro 24h Monza? <\/strong><\/h2>\n<p>L&#8217;<strong>assistenza<\/strong> Fabbro 24h Monza, erogata da <strong>artigiani<\/strong> <strong>qualificati<\/strong>, \u00e8 ad ampio raggio. Richiedi un <strong>preventivo gratuito<\/strong> o contattaci con <strong>urgenza <\/strong>per:<\/p>\n<ul>\n<li><a href=\"https:\/\/www.fabbromonza.eu\/cms\/riparazione-serrature\/\"><strong><u>riparazione serrature <\/u><\/strong><\/a><\/li>\n<li><strong><u>rimessa in funzione serrande <\/u><\/strong><\/li>\n<li><strong><u>ripristino porte garage <\/u><\/strong><\/li>\n<li><strong><u>sistemazione tapparelle <\/u><\/strong><\/li>\n<\/ul>\n<p>Siamo consapevoli dei disagi e dei disservizi che la <strong>rottura<\/strong> o il <strong>blocco<\/strong> di questi elementi comporta e perci\u00f2 interveniamo in modo <strong>tempestivo<\/strong> e <strong>risolutivo<\/strong>. <br \/>In questi casi \u00e8 necessario il supporto di <strong>mani<\/strong> <strong>esperte<\/strong> che all&#8217;occorrenza siano in grado di reperire rapidamente la <strong>componentistica <\/strong>di <strong>ricambio<\/strong>.<\/p>\n<p>Dal canto nostro, al fine di assicurare un <strong>risultato impeccabile<\/strong> e <strong>duraturo <\/strong>nel tempo, ci avvaliamo dei <strong>migliori prodotti<\/strong> delle case produttrici leader del settore.<\/p>\n<p>Inoltre<strong> Fabbro 24h Monza<\/strong> \u00e8 al tuo servizio per risolvere una volta per tutte il <strong>funzionamento difettoso<\/strong> e <strong>anomalo<\/strong> dei tuoi <strong>serramenti <\/strong>o del tuo <strong>avvolgibile<\/strong>.<\/p>\n<p>Chiamaci alle prime avvisaglie e fissa un appuntamento con noi per liberarti definitivamente del problema!<\/p>\n<h2><strong>Fabbro 24h Monza: il Pronto Intervento su cui contare <\/strong><\/h2>\n<p>Se ti trovi in una <strong>situazione<\/strong> di <strong>emergenza<\/strong>, puoi contare sul nostro servizio <strong>Fabbro Pronto Intervento 24h<\/strong>. <br \/>Siamo operativi <strong>tutti i giorni dell&#8217;anno<\/strong>, <strong>fascia notturna<\/strong> <strong>compresa<\/strong>, su tutta la provincia di<strong> Monza<\/strong> e della <strong>Brianza<\/strong>.<\/p>\n<p>I nostri fabbri hanno l&#8217;esperienza e le competenze per fronteggiare qualunque evenienza.<\/p>\n<p>In particolare siamo specializzati nell&#8217;<strong><a href=\"https:\/\/www.fabbromonza.eu\/cms\/apertura-porte-bloccate\/\"><u>apertura porte bloccate<\/u><\/a>,<\/strong> <strong>normali e blindate<\/strong>, cos\u00ec come nella <a href=\"https:\/\/www.fabbromonza.eu\/cms\/sostituzione-serrature\/\"><strong><u>sostituzione serrature<\/u><\/strong><\/a> di ogni tipologia e marca.<\/p>\n<p><strong>Rimanere chiusi fuori casa<\/strong> o <strong>dentro una stanza<\/strong> a causa di un meccanismo inceppato \u00e8 certamente una esperienza spiacevole. Per\u00f2 la soluzione \u00e8 a portata di mano. <br \/>Rivolgiti alla nostra squadra di <strong>artigiani professionisti<\/strong> per ottenere un <strong>aiuto immediato<\/strong> a <strong>prezzi economici<\/strong>.<\/p>\n<h2><strong>Proteggi la tua casa con Fabbro 24h Monza <\/strong><\/h2>\n<p>Mettiamo a disposizione il nostro<strong> know how<\/strong> in tema di <strong>sicurezza<\/strong> per implementare il livello di <strong>protezione<\/strong> della tua abitazione. <br \/>I<strong> sistemi<\/strong> per difendersi da <strong>furti<\/strong> ed <strong>effrazioni<\/strong> si evolvono di pari passo alla destrezza di ladri e malviventi. Dunque offriamo una <strong>consulenza<\/strong> mirata volta ad individuare la <strong>soluzione<\/strong> in commercio pi\u00f9 adatta al tuo caso.<\/p>\n<p>In aggiunta, se sei in possesso di una <strong>serratura<\/strong> a <strong>doppia mappa<\/strong>, eseguiamo la <a href=\"https:\/\/www.fabbromonza.eu\/cms\/conversione-serrature-cilindro-europeo\/\"><strong><u>conversione serrature a cilindro europeo<\/u><\/strong><\/a> che garantisce uno standard di sicurezza pi\u00f9 elevato.<\/p>\n<p>Per completare l&#8217;offerta ci occupiamo dell&#8217;<strong>installazione<\/strong> di dispositivi protettivi, detti <strong>Defender<\/strong>, per rendere la tua <strong>porta blindata <\/strong>ancora pi\u00f9 resistente ed efficace.<\/p>\n<p>In ultimo, data la molteplicit\u00e0 dei modelli sul mercato, ti supportiamo nella selezione del prodotto corrispondente alle tue aspettative.<\/p>\n<p style=\"text-align: center;\">Cosa aspetti? Contatta Fabbro 24h Monza!<\/p>\n<p>\u00a0<\/p>\n","protected":false},"excerpt":{"rendered":"<p>Fabbro 24h Monza offre una gamma di servizi qualitativamente alta, garantendo il miglior rapporto qualit\u00e0-prezzo. Forniamo prestazioni differenziate per intercettare e soddisfare al meglio le esigenze pi\u00f9 disparate della nostra clientela. Che si tratti di attivit\u00e0 su appuntamento o a domicilio per emergenze, operiamo sempre con la massima professionalit\u00e0 che&hellip; <\/p>\n","protected":false},"author":1,"featured_media":0,"parent":0,"menu_order":0,"comment_status":"closed","ping_status":"closed","template":"","meta":[],"yoast_head":"<!-- This site is optimized with the Yoast SEO plugin v21.6 - https:\/\/yoast.com\/wordpress\/plugins\/seo\/ -->\n<title>Fabbro 24h Monza - Fabbro Monza - SOS 24h\/365 giorni \u2013 chiama 3381689649<\/title>\n<meta name=\"robots\" content=\"index, follow, max-snippet:-1, max-image-preview:large, max-video-preview:-1\" \/>\n<link rel=\"canonical\" href=\"https:\/\/www.fabbromonza.eu\/cms\/fabbro-24h-monza\/\" \/>\n<meta property=\"og:locale\" content=\"it_IT\" \/>\n<meta property=\"og:type\" content=\"article\" \/>\n<meta property=\"og:title\" content=\"Fabbro 24h Monza - Fabbro Monza - SOS 24h\/365 giorni \u2013 chiama 3381689649\" \/>\n<meta property=\"og:description\" content=\"Fabbro 24h Monza offre una gamma di servizi qualitativamente alta, garantendo il miglior rapporto qualit\u00e0-prezzo. Forniamo prestazioni differenziate per intercettare e soddisfare al meglio le esigenze pi\u00f9 disparate della nostra clientela. Che si tratti di attivit\u00e0 su appuntamento o a domicilio per emergenze, operiamo sempre con la massima professionalit\u00e0 che&hellip;\" \/>\n<meta property=\"og:url\" content=\"https:\/\/www.fabbromonza.eu\/cms\/fabbro-24h-monza\/\" \/>\n<meta property=\"og:site_name\" content=\"Fabbro Monza - SOS 24h\/365 giorni \u2013 chiama 3381689649\" \/>\n<meta property=\"article:publisher\" content=\"https:\/\/www.facebook.com\/Fabbro-Pronto-Intervento-Monza-953430148190012\/\" \/>\n<meta property=\"article:modified_time\" content=\"2022-06-01T14:43:31+00:00\" \/>\n<meta name=\"twitter:card\" content=\"summary_large_image\" \/>\n<meta name=\"twitter:label1\" content=\"Tempo di lettura stimato\" \/>\n\t<meta name=\"twitter:data1\" content=\"3 minuti\" \/>\n<script type=\"application\/ld+json\" class=\"yoast-schema-graph\">{\"@context\":\"https:\/\/schema.org\",\"@graph\":[{\"@type\":\"WebPage\",\"@id\":\"https:\/\/www.fabbromonza.eu\/cms\/fabbro-24h-monza\/\",\"url\":\"https:\/\/www.fabbromonza.eu\/cms\/fabbro-24h-monza\/\",\"name\":\"Fabbro 24h Monza - Fabbro Monza - SOS 24h\/365 giorni \u2013 chiama 3381689649\",\"isPartOf\":{\"@id\":\"https:\/\/www.fabbromonza.eu\/cms\/#website\"},\"datePublished\":\"2022-06-01T13:32:28+00:00\",\"dateModified\":\"2022-06-01T14:43:31+00:00\",\"breadcrumb\":{\"@id\":\"https:\/\/www.fabbromonza.eu\/cms\/fabbro-24h-monza\/#breadcrumb\"},\"inLanguage\":\"it-IT\",\"potentialAction\":[{\"@type\":\"ReadAction\",\"target\":[\"https:\/\/www.fabbromonza.eu\/cms\/fabbro-24h-monza\/\"]}]},{\"@type\":\"BreadcrumbList\",\"@id\":\"https:\/\/www.fabbromonza.eu\/cms\/fabbro-24h-monza\/#breadcrumb\",\"itemListElement\":[{\"@type\":\"ListItem\",\"position\":1,\"name\":\"Home\",\"item\":\"https:\/\/www.fabbromonza.eu\/cms\/\"},{\"@type\":\"ListItem\",\"position\":2,\"name\":\"Fabbro 24h Monza\"}]},{\"@type\":\"WebSite\",\"@id\":\"https:\/\/www.fabbromonza.eu\/cms\/#website\",\"url\":\"https:\/\/www.fabbromonza.eu\/cms\/\",\"name\":\"Fabbro Monza - SOS 24h\/365 giorni \u2013 chiama 3381689649\",\"description\":\"Fabbro Monza e provincia\",\"publisher\":{\"@id\":\"https:\/\/www.fabbromonza.eu\/cms\/#organization\"},\"potentialAction\":[{\"@type\":\"SearchAction\",\"target\":{\"@type\":\"EntryPoint\",\"urlTemplate\":\"https:\/\/www.fabbromonza.eu\/cms\/?s={search_term_string}\"},\"query-input\":\"required name=search_term_string\"}],\"inLanguage\":\"it-IT\"},{\"@type\":\"Organization\",\"@id\":\"https:\/\/www.fabbromonza.eu\/cms\/#organization\",\"name\":\"Fabbro Monza SOS 334-5787-923 anche festivi e notte\",\"url\":\"https:\/\/www.fabbromonza.eu\/cms\/\",\"logo\":{\"@type\":\"ImageObject\",\"inLanguage\":\"it-IT\",\"@id\":\"https:\/\/www.fabbromonza.eu\/cms\/#\/schema\/logo\/image\/\",\"url\":\"https:\/\/www.fabbromonza.eu\/cms\/wp-content\/uploads\/2019\/03\/47575485_955356757997351_8366026406282395648_n.png\",\"contentUrl\":\"https:\/\/www.fabbromonza.eu\/cms\/wp-content\/uploads\/2019\/03\/47575485_955356757997351_8366026406282395648_n.png\",\"width\":320,\"height\":320,\"caption\":\"Fabbro Monza SOS 334-5787-923 anche festivi e notte\"},\"image\":{\"@id\":\"https:\/\/www.fabbromonza.eu\/cms\/#\/schema\/logo\/image\/\"},\"sameAs\":[\"https:\/\/www.facebook.com\/Fabbro-Pronto-Intervento-Monza-953430148190012\/\"]}]}<\/script>\n<!-- \/ Yoast SEO plugin. -->","yoast_head_json":{"title":"Fabbro 24h Monza - Fabbro Monza - SOS 24h\/365 giorni \u2013 chiama 3381689649","robots":{"index":"index","follow":"follow","max-snippet":"max-snippet:-1","max-image-preview":"max-image-preview:large","max-video-preview":"max-video-preview:-1"},"canonical":"https:\/\/www.fabbromonza.eu\/cms\/fabbro-24h-monza\/","og_locale":"it_IT","og_type":"article","og_title":"Fabbro 24h Monza - Fabbro Monza - SOS 24h\/365 giorni \u2013 chiama 3381689649","og_description":"Fabbro 24h Monza offre una gamma di servizi qualitativamente alta, garantendo il miglior rapporto qualit\u00e0-prezzo. Forniamo prestazioni differenziate per intercettare e soddisfare al meglio le esigenze pi\u00f9 disparate della nostra clientela. Che si tratti di attivit\u00e0 su appuntamento o a domicilio per emergenze, operiamo sempre con la massima professionalit\u00e0 che&hellip;","og_url":"https:\/\/www.fabbromonza.eu\/cms\/fabbro-24h-monza\/","og_site_name":"Fabbro Monza - SOS 24h\/365 giorni \u2013 chiama 3381689649","article_publisher":"https:\/\/www.facebook.com\/Fabbro-Pronto-Intervento-Monza-953430148190012\/","article_modified_time":"2022-06-01T14:43:31+00:00","twitter_card":"summary_large_image","twitter_misc":{"Tempo di lettura stimato":"3 minuti"},"schema":{"@context":"https:\/\/schema.org","@graph":[{"@type":"WebPage","@id":"https:\/\/www.fabbromonza.eu\/cms\/fabbro-24h-monza\/","url":"https:\/\/www.fabbromonza.eu\/cms\/fabbro-24h-monza\/","name":"Fabbro 24h Monza - Fabbro Monza - SOS 24h\/365 giorni \u2013 chiama 3381689649","isPartOf":{"@id":"https:\/\/www.fabbromonza.eu\/cms\/#website"},"datePublished":"2022-06-01T13:32:28+00:00","dateModified":"2022-06-01T14:43:31+00:00","breadcrumb":{"@id":"https:\/\/www.fabbromonza.eu\/cms\/fabbro-24h-monza\/#breadcrumb"},"inLanguage":"it-IT","potentialAction":[{"@type":"ReadAction","target":["https:\/\/www.fabbromonza.eu\/cms\/fabbro-24h-monza\/"]}]},{"@type":"BreadcrumbList","@id":"https:\/\/www.fabbromonza.eu\/cms\/fabbro-24h-monza\/#breadcrumb","itemListElement":[{"@type":"ListItem","position":1,"name":"Home","item":"https:\/\/www.fabbromonza.eu\/cms\/"},{"@type":"ListItem","position":2,"name":"Fabbro 24h Monza"}]},{"@type":"WebSite","@id":"https:\/\/www.fabbromonza.eu\/cms\/#website","url":"https:\/\/www.fabbromonza.eu\/cms\/","name":"Fabbro Monza - SOS 24h\/365 giorni \u2013 chiama 3381689649","description":"Fabbro Monza e provincia","publisher":{"@id":"https:\/\/www.fabbromonza.eu\/cms\/#organization"},"potentialAction":[{"@type":"SearchAction","target":{"@type":"EntryPoint","urlTemplate":"https:\/\/www.fabbromonza.eu\/cms\/?s={search_term_string}"},"query-input":"required name=search_term_string"}],"inLanguage":"it-IT"},{"@type":"Organization","@id":"https:\/\/www.fabbromonza.eu\/cms\/#organization","name":"Fabbro Monza SOS 334-5787-923 anche festivi e notte","url":"https:\/\/www.fabbromonza.eu\/cms\/","logo":{"@type":"ImageObject","inLanguage":"it-IT","@id":"https:\/\/www.fabbromonza.eu\/cms\/#\/schema\/logo\/image\/","url":"https:\/\/www.fabbromonza.eu\/cms\/wp-content\/uploads\/2019\/03\/47575485_955356757997351_8366026406282395648_n.png","contentUrl":"https:\/\/www.fabbromonza.eu\/cms\/wp-content\/uploads\/2019\/03\/47575485_955356757997351_8366026406282395648_n.png","width":320,"height":320,"caption":"Fabbro Monza SOS 334-5787-923 anche festivi e notte"},"image":{"@id":"https:\/\/www.fabbromonza.eu\/cms\/#\/schema\/logo\/image\/"},"sameAs":["https:\/\/www.facebook.com\/Fabbro-Pronto-Intervento-Monza-953430148190012\/"]}]}},"_links":{"self":[{"href":"https:\/\/www.fabbromonza.eu\/cms\/wp-json\/wp\/v2\/pages\/9428"}],"collection":[{"href":"https:\/\/www.fabbromonza.eu\/cms\/wp-json\/wp\/v2\/pages"}],"about":[{"href":"https:\/\/www.fabbromonza.eu\/cms\/wp-json\/wp\/v2\/types\/page"}],"author":[{"embeddable":true,"href":"https:\/\/www.fabbromonza.eu\/cms\/wp-json\/wp\/v2\/users\/1"}],"replies":[{"embeddable":true,"href":"https:\/\/www.fabbromonza.eu\/cms\/wp-json\/wp\/v2\/comments?post=9428"}],"version-history":[{"count":2,"href":"https:\/\/www.fabbromonza.eu\/cms\/wp-json\/wp\/v2\/pages\/9428\/revisions"}],"predecessor-version":[{"id":9437,"href":"https:\/\/www.fabbromonza.eu\/cms\/wp-json\/wp\/v2\/pages\/9428\/revisions\/9437"}],"wp:attachment":[{"href":"https:\/\/www.fabbromonza.eu\/cms\/wp-json\/wp\/v2\/media?parent=9428"}],"curies":[{"name":"wp","href":"https:\/\/api.w.org\/{rel}","templated":true}]}}