{"id":335,"date":"2016-04-18T11:43:01","date_gmt":"2016-04-18T09:43:01","guid":{"rendered":"https:\/\/www.fabbromonza.eu\/cms\/?page_id=335"},"modified":"2022-06-06T16:20:28","modified_gmt":"2022-06-06T14:20:28","slug":"riparazione-porte-garage","status":"publish","type":"page","link":"https:\/\/www.fabbromonza.eu\/cms\/riparazione-porte-garage\/","title":{"rendered":"riparazione porte garage"},"content":{"rendered":"\n<p>Se necessiti di una <strong>riparazione della porta del tuo garage a Monza e provincia<\/strong>, contatta<strong> Fabbro Pronto Intervento<\/strong>, gli esperti del settore.<\/p>\n<p>Quanto \u00e8 irritante perdere un appuntamento importante a causa di un malfunzionamento improvviso della tua porta basculante del garage?\u00a0<\/p>\n<p>Non sprecare tempo, chiamaci se hai un&#8217;urgenza al numero <strong>3381689649<\/strong>.<\/p>\n<p>I nostri <strong>fabbri qualificati<\/strong> arriveranno <strong>entro 30 minuti <\/strong>dalla chiamata, risolvendo immediatamente il tuo problema. Invece, se ritieni che non ci sia fretta puoi richiedere un <strong>preventivo<\/strong>, totalmente <strong>gratuito<\/strong>. I nostri operatori ti risponderanno <strong>entro e non oltre i 30 minuti<\/strong>.\u00a0<\/p>\n<p>La velocit\u00e0 in questo settore \u00e8 fondamentale. Passo dopo passo ci siamo evoluti per riuscire a soddisfare ogni tuo problema in maniera <strong>tempestiva<\/strong>.<\/p>\n<p><a href=\"tel:3381689649\"><img decoding=\"async\" loading=\"lazy\" class=\"wp-image-5 size-full aligncenter\" src=\"https:\/\/www.fabbromonza.eu\/cms\/wp-content\/uploads\/2016\/04\/clicktocall.png\" alt=\"\" width=\"200\" height=\"65\" \/><\/a><\/p>\n<h2>Modelli di porte garage su cui possiamo effettuare una riparazione a Monza e Provincia<\/h2>\n<p>Oggigiorno vi sono una grande variet\u00e0 di modelli di porte garage, dalle<strong> tradizionali<\/strong> <strong>porte basculanti anta unica<\/strong> ai <strong>pi\u00f9 moderni<\/strong> come le porte clima garage.<\/p>\n<p>Ecco i modelli di <strong>porte garage<\/strong> su cui noi, di <strong>Fabbro Pronto Intervento<\/strong>, possiamo effettuare una <strong>riparazione a Monza e provincia<\/strong>:<\/p>\n<ul>\n<li>Porte basculanti anta unica<\/li>\n<li>Porte basculanti snodate<\/li>\n<li>Porte sezionali<\/li>\n<li>Porte da garage ad ante battenti<\/li>\n<li>Portoni a libro ad impacchettamento laterale<\/li>\n<li>Portoni a libro due pi\u00f9 due<\/li>\n<li>Porte da garage scorrevoli uniche<\/li>\n<li>Porte da garage scorrevoli in curva<\/li>\n<li>Porte basculanti non debordanti per ville e locali pubblici<\/li>\n<li>Clima Garage<\/li>\n<\/ul>\n<p>Riparazione porte garage basculanti Monza e Provincia Noi di <strong>Fabbro Pronto Intervento<\/strong> ci occupiamo anche di riparazione <strong>porte garage basculanti a Monza e Provincia<\/strong>.<\/p>\n<p>Non sai quali sono le porte basculanti? Le <strong>porte basculanti<\/strong> rientrano nell\u2019immaginario comune di un garage. Funzionano grazie alla presenza di guide lungo i lati tramite i quali i perni scivolano ogni volta che apriamo e chiudiamo il box.<\/p>\n<p>La peculiarit\u00e0 delle porte garage basculanti \u00e8 che non necessitano di una manutenzione continua.\u00a0<\/p>\n<p>Vi sono <strong>due tipologie<\/strong> <strong>di sollevamento<\/strong> per questo tipo di porte: <strong>a molle<\/strong> e <strong>a contrappesi<\/strong>. Pi\u00f9 nello specifico:<\/p>\n<ul>\n<li><strong>a molle<\/strong>, ogni qualvolta che si apre e chiude la porta garage la molla lavorer\u00e0 accorciandosi ed allungandosi. Queste porte hanno bisogno per\u00f2, rispetto alle porte a contrappesi, di una manutenzione pi\u00f9 frequente e, dato il loro uso continuo, tendono a perdere elasticit\u00e0.<\/li>\n<li><strong>a contrappesi<\/strong>, solitamente si usano delle tavolette di cemento, grazie alle quali \u00e8 pi\u00f9 facile aprire e chiudere la porta.<\/li>\n<\/ul>\n<h2>Porta garage manuale e motorizzata: il servizio di Fabbro Monza e Provincia<\/h2>\n<p>Fabbro Pronto Intervento, come anticipato, esegue <strong>montaggio <\/strong>e <strong>riparazione <\/strong>di <strong>qualsiasi tipo di porta garage<\/strong>, e pi\u00f9 nel dettaglio \u00e8 in grado di installare e riparare a Monza e provincia:<\/p>\n<ul>\n<li><strong>Porta garage manuali<\/strong><\/li>\n<li><strong>Porta garage motorizzate<\/strong><\/li>\n<\/ul>\n<h3>Porta Garage manuale<\/h3>\n<p>La <strong>porta garage manuale<\/strong> \u00e8 sconsigliata per un utilizzo frequente.<\/p>\n<p>Il vantaggio principale \u00e8 quello inerente al <strong>prezzo<\/strong> dato che \u00e8 nettamente pi\u00f9 contenuto rispetto a una porta motorizzata.<\/p>\n<p>Dal momento che la porta manuale conta sulla forza-lavoro di una persona, ha il vantaggio di poter funzionare anche in assenza di energia elettrica.<\/p>\n<p>Inoltre, potrai beneficiare di una<strong> riparazione<\/strong> pi\u00f9<strong> semplice<\/strong> e<strong> veloce <\/strong>rispetto a quelle motorizzate. Contatta Fabbro Monza e Provincia per la riparazione della tua porta garage manuale al numero <strong>3381689649<\/strong>.<\/p>\n<h3>Porta Garage motorizzata<\/h3>\n<p>Ci sono molti vantaggi per i quali conviene scegliere una <strong>porta garage motorizzata<\/strong>, tra cui: <strong>comodit\u00e0<\/strong>,<strong> sicurezza<\/strong> e <strong>innovazione<\/strong>.<\/p>\n<p>Questo tipo di porte \u00e8 molto comodo poich\u00e9 \u00e8 <strong>automatizzato<\/strong>. Quindi grazie all\u2019utilizzo di un <strong>semplice telecomando<\/strong> puoi evitare di salire e scendere dal tuo mezzo per aprire e chiudere la tua porta.<\/p>\n<p>Le pi\u00f9 avanzate permettono perfino l\u2019utilizzo dello smartphone per <strong>gestire da remoto<\/strong> la sua apertura e chiusura.<\/p>\n<p>In aggiunta, si ha un vantaggio in termini di sicurezza, dato che se si dovesse perdere il telecomando, baster\u00e0 chiamare un nostro Tecnico, il quale si prester\u00e0 alla <strong>ricodifica <\/strong>dei telecomandi.\u00a0<\/p>\n<p>Per qualsiasi necessit\u00e0 alla tua porta garage motorizzata chiama Fabbro Monza e Provincia.<\/p>\n<h2>Servizi offerti per la riparazione ottimale di porte garage a Monza e Provincia<\/h2>\n<p>Di seguito ti segnaliamo i principali <strong>servizi offerti da Fabbro Pronto Intervento per la riparazione di porte garage a Monza e Provincia<\/strong>. Nello specifico ci occupiamo di:<\/p>\n<ul>\n<li>riparazione rottura carrucola porta garage basculante<\/li>\n<li>sistemazione rottura cavo porta garage basculante<\/li>\n<li>sbloccaggio porta garage<\/li>\n<li>ripristino funzionalit\u00e0 porta garage<\/li>\n<li>riparazione forzatura porta garage basculante<\/li>\n<li>ripristino funzionalit\u00e0 porta garage basculante dopo malfunzionamento<\/li>\n<li>riparazione cavo porta garage<\/li>\n<li>aerazione normativa porte basculanti<\/li>\n<li>montaggio porta garage basculante<\/li>\n<li>sistemazione motore porta garage<\/li>\n<li>sbloccaggio porte garage basculanti<\/li>\n<li>ripristino porta garage basculante bloccata<\/li>\n<li>pronto intervento riparazione porte garage<\/li>\n<\/ul>\n<p>\u2026 <strong>e tanto altro ancora<\/strong>! Nel caso in cui non dovessi vedere il tuo problema nell\u2019elenco chiamaci al numero <strong>3381689649<\/strong>.<\/p>\n<h2>Gli altri campi in cui opera Fabbro Pronto Intervento Monza e Provincia<\/h2>\n<p>Oltre alla <strong>riparazione porte garage<\/strong> nei pressi di <strong>Monza e Provincia<\/strong>, gli altri <strong>campi in cui operiamo<\/strong> sono:<\/p>\n<ul>\n<li>porte blindate Monza e Provincia\u00a0<\/li>\n<li>riparazione saracinesca Monza e Provincia<\/li>\n<li>fabbro urgente Monza e Provincia<\/li>\n<li>sicurezza per la casa Monza e Provincia<\/li>\n<li>riparazione Porte Garage Monza e Provincia<\/li>\n<li>SOS Fabbro Monza e Provincia<\/li>\n<li>Conversione Serratura Monza e Provincia<\/li>\n<\/ul>\n<p>Per qualsiasi problema non correre rischi e contatta <strong>Fabbro Pronto Intervento Monza e Provincia<\/strong>.<\/p>\n<p><strong> Non perdere tempo, <a href=\"tel:3381689649\">chiama lo specialista!<\/a><\/strong><a href=\"tel:3381689649\"><img decoding=\"async\" src=\"http:\/\/www.fabbroprontointerventoMonza.com\/wp-content\/uploads\/2020\/02\/fabbro_clicktocall.png\" alt=\"\" \/><\/a><\/p>\n","protected":false},"excerpt":{"rendered":"<p>Se necessiti di una riparazione della porta del tuo garage a Monza e provincia, contatta Fabbro Pronto Intervento, gli esperti del settore. Quanto \u00e8 irritante perdere un appuntamento importante a causa di un malfunzionamento improvviso della tua porta basculante del garage?\u00a0 Non sprecare tempo, chiamaci se hai un&#8217;urgenza al numero&hellip; <\/p>\n","protected":false},"author":1,"featured_media":0,"parent":0,"menu_order":0,"comment_status":"closed","ping_status":"closed","template":"","meta":[],"yoast_head":"<!-- This site is optimized with the Yoast SEO plugin v21.6 - https:\/\/yoast.com\/wordpress\/plugins\/seo\/ -->\n<title>Riparazione Porte Garage - Fabbro Monza e Provincia 24\/7<\/title>\n<meta name=\"description\" content=\"Riparazione Porte Garage: Fabbro Monza e Provincia 24\/7 Interviene entro 30 Minuti dalla Chiamata per risolvere il Problema. Contattaci!\" \/>\n<meta name=\"robots\" content=\"index, follow, max-snippet:-1, max-image-preview:large, max-video-preview:-1\" \/>\n<link rel=\"canonical\" href=\"https:\/\/www.fabbromonza.eu\/cms\/riparazione-porte-garage\/\" \/>\n<meta property=\"og:locale\" content=\"it_IT\" \/>\n<meta property=\"og:type\" content=\"article\" \/>\n<meta property=\"og:title\" content=\"Riparazione Porte Garage - Fabbro Monza e Provincia 24\/7\" \/>\n<meta property=\"og:description\" content=\"Riparazione Porte Garage: Fabbro Monza e Provincia 24\/7 Interviene entro 30 Minuti dalla Chiamata per risolvere il Problema. Contattaci!\" \/>\n<meta property=\"og:url\" content=\"https:\/\/www.fabbromonza.eu\/cms\/riparazione-porte-garage\/\" \/>\n<meta property=\"og:site_name\" content=\"Fabbro Monza - SOS 24h\/365 giorni \u2013 chiama 3381689649\" \/>\n<meta property=\"article:publisher\" content=\"https:\/\/www.facebook.com\/Fabbro-Pronto-Intervento-Monza-953430148190012\/\" \/>\n<meta property=\"article:modified_time\" content=\"2022-06-06T14:20:28+00:00\" \/>\n<meta property=\"og:image\" content=\"https:\/\/www.fabbromonza.eu\/cms\/wp-content\/uploads\/2016\/04\/clicktocall.png\" \/>\n<meta name=\"twitter:card\" content=\"summary_large_image\" \/>\n<meta name=\"twitter:label1\" content=\"Tempo di lettura stimato\" \/>\n\t<meta name=\"twitter:data1\" content=\"5 minuti\" \/>\n<script type=\"application\/ld+json\" class=\"yoast-schema-graph\">{\"@context\":\"https:\/\/schema.org\",\"@graph\":[{\"@type\":\"WebPage\",\"@id\":\"https:\/\/www.fabbromonza.eu\/cms\/riparazione-porte-garage\/\",\"url\":\"https:\/\/www.fabbromonza.eu\/cms\/riparazione-porte-garage\/\",\"name\":\"Riparazione Porte Garage - Fabbro Monza e Provincia 24\/7\",\"isPartOf\":{\"@id\":\"https:\/\/www.fabbromonza.eu\/cms\/#website\"},\"datePublished\":\"2016-04-18T09:43:01+00:00\",\"dateModified\":\"2022-06-06T14:20:28+00:00\",\"description\":\"Riparazione Porte Garage: Fabbro Monza e Provincia 24\/7 Interviene entro 30 Minuti dalla Chiamata per risolvere il Problema. Contattaci!\",\"breadcrumb\":{\"@id\":\"https:\/\/www.fabbromonza.eu\/cms\/riparazione-porte-garage\/#breadcrumb\"},\"inLanguage\":\"it-IT\",\"potentialAction\":[{\"@type\":\"ReadAction\",\"target\":[\"https:\/\/www.fabbromonza.eu\/cms\/riparazione-porte-garage\/\"]}]},{\"@type\":\"BreadcrumbList\",\"@id\":\"https:\/\/www.fabbromonza.eu\/cms\/riparazione-porte-garage\/#breadcrumb\",\"itemListElement\":[{\"@type\":\"ListItem\",\"position\":1,\"name\":\"Home\",\"item\":\"https:\/\/www.fabbromonza.eu\/cms\/\"},{\"@type\":\"ListItem\",\"position\":2,\"name\":\"riparazione porte garage\"}]},{\"@type\":\"WebSite\",\"@id\":\"https:\/\/www.fabbromonza.eu\/cms\/#website\",\"url\":\"https:\/\/www.fabbromonza.eu\/cms\/\",\"name\":\"Fabbro Monza - SOS 24h\/365 giorni \u2013 chiama 3381689649\",\"description\":\"Fabbro Monza e provincia\",\"publisher\":{\"@id\":\"https:\/\/www.fabbromonza.eu\/cms\/#organization\"},\"potentialAction\":[{\"@type\":\"SearchAction\",\"target\":{\"@type\":\"EntryPoint\",\"urlTemplate\":\"https:\/\/www.fabbromonza.eu\/cms\/?s={search_term_string}\"},\"query-input\":\"required name=search_term_string\"}],\"inLanguage\":\"it-IT\"},{\"@type\":\"Organization\",\"@id\":\"https:\/\/www.fabbromonza.eu\/cms\/#organization\",\"name\":\"Fabbro Monza SOS 334-5787-923 anche festivi e notte\",\"url\":\"https:\/\/www.fabbromonza.eu\/cms\/\",\"logo\":{\"@type\":\"ImageObject\",\"inLanguage\":\"it-IT\",\"@id\":\"https:\/\/www.fabbromonza.eu\/cms\/#\/schema\/logo\/image\/\",\"url\":\"https:\/\/www.fabbromonza.eu\/cms\/wp-content\/uploads\/2019\/03\/47575485_955356757997351_8366026406282395648_n.png\",\"contentUrl\":\"https:\/\/www.fabbromonza.eu\/cms\/wp-content\/uploads\/2019\/03\/47575485_955356757997351_8366026406282395648_n.png\",\"width\":320,\"height\":320,\"caption\":\"Fabbro Monza SOS 334-5787-923 anche festivi e notte\"},\"image\":{\"@id\":\"https:\/\/www.fabbromonza.eu\/cms\/#\/schema\/logo\/image\/\"},\"sameAs\":[\"https:\/\/www.facebook.com\/Fabbro-Pronto-Intervento-Monza-953430148190012\/\"]}]}<\/script>\n<!-- \/ Yoast SEO plugin. -->","yoast_head_json":{"title":"Riparazione Porte Garage - Fabbro Monza e Provincia 24\/7","description":"Riparazione Porte Garage: Fabbro Monza e Provincia 24\/7 Interviene entro 30 Minuti dalla Chiamata per risolvere il Problema. Contattaci!","robots":{"index":"index","follow":"follow","max-snippet":"max-snippet:-1","max-image-preview":"max-image-preview:large","max-video-preview":"max-video-preview:-1"},"canonical":"https:\/\/www.fabbromonza.eu\/cms\/riparazione-porte-garage\/","og_locale":"it_IT","og_type":"article","og_title":"Riparazione Porte Garage - Fabbro Monza e Provincia 24\/7","og_description":"Riparazione Porte Garage: Fabbro Monza e Provincia 24\/7 Interviene entro 30 Minuti dalla Chiamata per risolvere il Problema. Contattaci!","og_url":"https:\/\/www.fabbromonza.eu\/cms\/riparazione-porte-garage\/","og_site_name":"Fabbro Monza - SOS 24h\/365 giorni \u2013 chiama 3381689649","article_publisher":"https:\/\/www.facebook.com\/Fabbro-Pronto-Intervento-Monza-953430148190012\/","article_modified_time":"2022-06-06T14:20:28+00:00","og_image":[{"url":"https:\/\/www.fabbromonza.eu\/cms\/wp-content\/uploads\/2016\/04\/clicktocall.png"}],"twitter_card":"summary_large_image","twitter_misc":{"Tempo di lettura stimato":"5 minuti"},"schema":{"@context":"https:\/\/schema.org","@graph":[{"@type":"WebPage","@id":"https:\/\/www.fabbromonza.eu\/cms\/riparazione-porte-garage\/","url":"https:\/\/www.fabbromonza.eu\/cms\/riparazione-porte-garage\/","name":"Riparazione Porte Garage - Fabbro Monza e Provincia 24\/7","isPartOf":{"@id":"https:\/\/www.fabbromonza.eu\/cms\/#website"},"datePublished":"2016-04-18T09:43:01+00:00","dateModified":"2022-06-06T14:20:28+00:00","description":"Riparazione Porte Garage: Fabbro Monza e Provincia 24\/7 Interviene entro 30 Minuti dalla Chiamata per risolvere il Problema. Contattaci!","breadcrumb":{"@id":"https:\/\/www.fabbromonza.eu\/cms\/riparazione-porte-garage\/#breadcrumb"},"inLanguage":"it-IT","potentialAction":[{"@type":"ReadAction","target":["https:\/\/www.fabbromonza.eu\/cms\/riparazione-porte-garage\/"]}]},{"@type":"BreadcrumbList","@id":"https:\/\/www.fabbromonza.eu\/cms\/riparazione-porte-garage\/#breadcrumb","itemListElement":[{"@type":"ListItem","position":1,"name":"Home","item":"https:\/\/www.fabbromonza.eu\/cms\/"},{"@type":"ListItem","position":2,"name":"riparazione porte garage"}]},{"@type":"WebSite","@id":"https:\/\/www.fabbromonza.eu\/cms\/#website","url":"https:\/\/www.fabbromonza.eu\/cms\/","name":"Fabbro Monza - SOS 24h\/365 giorni \u2013 chiama 3381689649","description":"Fabbro Monza e provincia","publisher":{"@id":"https:\/\/www.fabbromonza.eu\/cms\/#organization"},"potentialAction":[{"@type":"SearchAction","target":{"@type":"EntryPoint","urlTemplate":"https:\/\/www.fabbromonza.eu\/cms\/?s={search_term_string}"},"query-input":"required name=search_term_string"}],"inLanguage":"it-IT"},{"@type":"Organization","@id":"https:\/\/www.fabbromonza.eu\/cms\/#organization","name":"Fabbro Monza SOS 334-5787-923 anche festivi e notte","url":"https:\/\/www.fabbromonza.eu\/cms\/","logo":{"@type":"ImageObject","inLanguage":"it-IT","@id":"https:\/\/www.fabbromonza.eu\/cms\/#\/schema\/logo\/image\/","url":"https:\/\/www.fabbromonza.eu\/cms\/wp-content\/uploads\/2019\/03\/47575485_955356757997351_8366026406282395648_n.png","contentUrl":"https:\/\/www.fabbromonza.eu\/cms\/wp-content\/uploads\/2019\/03\/47575485_955356757997351_8366026406282395648_n.png","width":320,"height":320,"caption":"Fabbro Monza SOS 334-5787-923 anche festivi e notte"},"image":{"@id":"https:\/\/www.fabbromonza.eu\/cms\/#\/schema\/logo\/image\/"},"sameAs":["https:\/\/www.facebook.com\/Fabbro-Pronto-Intervento-Monza-953430148190012\/"]}]}},"_links":{"self":[{"href":"https:\/\/www.fabbromonza.eu\/cms\/wp-json\/wp\/v2\/pages\/335"}],"collection":[{"href":"https:\/\/www.fabbromonza.eu\/cms\/wp-json\/wp\/v2\/pages"}],"about":[{"href":"https:\/\/www.fabbromonza.eu\/cms\/wp-json\/wp\/v2\/types\/page"}],"author":[{"embeddable":true,"href":"https:\/\/www.fabbromonza.eu\/cms\/wp-json\/wp\/v2\/users\/1"}],"replies":[{"embeddable":true,"href":"https:\/\/www.fabbromonza.eu\/cms\/wp-json\/wp\/v2\/comments?post=335"}],"version-history":[{"count":5,"href":"https:\/\/www.fabbromonza.eu\/cms\/wp-json\/wp\/v2\/pages\/335\/revisions"}],"predecessor-version":[{"id":9438,"href":"https:\/\/www.fabbromonza.eu\/cms\/wp-json\/wp\/v2\/pages\/335\/revisions\/9438"}],"wp:attachment":[{"href":"https:\/\/www.fabbromonza.eu\/cms\/wp-json\/wp\/v2\/media?parent=335"}],"curies":[{"name":"wp","href":"https:\/\/api.w.org\/{rel}","templated":true}]}}